{"id":2,"date":"2016-05-10T03:48:21","date_gmt":"2016-05-10T03:48:21","guid":{"rendered":"http:\/\/koopconsulting.de\/?page_id=2"},"modified":"2018-03-17T13:08:37","modified_gmt":"2018-03-17T13:08:37","slug":"sample-page","status":"publish","type":"page","link":"http:\/\/koopconsulting.de\/","title":{"rendered":"Home"},"content":{"rendered":"<div class=\"unternehmen-left col-md-8\">\n<h3>Ein junges Unternehmen &#8230;<\/h3>\n<p>Koop Consulting, gegr\u00fcndet Anfang 2011, ber\u00e4t Ihre Kunden an der Nahtstelle zwischen Business und IT im Rahmen von Unternehmensver\u00e4nderungen mit Auswirkungen auf die IT.<\/p>\n<p>Ver\u00e4nderungssituationen ergeben sich h\u00e4ufig durch Umstrukturierungen sowie Zentralisierung, Standardisierung und Harmonisierung von Unternehmensbereichen und Anwendungssystemen.<\/p>\n<\/div>\n<div class=\"unternehmen-right col-md-8 col-md-offset-4\">\n<h3>&#8230; mit viel Erfahrung<\/h3>\n<p>Peter Koop, Gesch\u00e4ftsf\u00fchrer der Koop Consulting, ist seit 2006 in der IT-nahen Unternehmensberatung t\u00e4tig und hat in dieser Zeit nachhaltige Erfahrungen in der F\u00fchrung von Beratungsbereichen, im Aufbau einer Beratungsgesellschaft sowie in der Leitung und Durchf\u00fchrung von internationalen Organisations- und ERP-Projekten gesammelt.<\/p>\n<p>Der Leistungsschwerpunkt liegt in der Prozessberatung, in der Beratung zur Ausrichtung der IT Organisation, in der Begutachtung von Konzepten und in der Unterst\u00fctzung von Auswahlprozessen bzgl. geeigneter ERP-Software sowie Implementierungspartner.<\/p>\n<blockquote><p>\u201eDer Blick von au\u00dfen l\u00e4sst neue L\u00f6sungsans\u00e4tze und Chancen entstehen\u201c<\/p><\/blockquote>\n<\/div>\n<p>&nbsp;<\/p>\n","protected":false},"excerpt":{"rendered":"<p>Ein junges Unternehmen &#8230; Koop Consulting, gegr\u00fcndet Anfang 2011, ber\u00e4t Ihre Kunden an der Nahtstelle zwischen Business und IT im Rahmen von Unternehmensver\u00e4nderungen mit Auswirkungen auf die IT. Ver\u00e4nderungssituationen ergeben sich h\u00e4ufig durch Umstrukturierungen sowie Zentralisierung, Standardisierung und Harmonisierung von Unternehmensbereichen und Anwendungssystemen. &#8230; mit viel Erfahrung Peter Koop, Gesch\u00e4ftsf\u00fchrer der Koop Consulting, ist seit &hellip; <\/p>\n<p class=\"link-more\"><a href=\"http:\/\/koopconsulting.de\/\" class=\"more-link\"><span class=\"screen-reader-text\">\u201eHome\u201c<\/span> weiterlesen<\/a><\/p>\n","protected":false},"author":1,"featured_media":0,"parent":0,"menu_order":0,"comment_status":"closed","ping_status":"open","template":"","meta":[],"_links":{"self":[{"href":"http:\/\/koopconsulting.de\/index.php?rest_route=\/wp\/v2\/pages\/2"}],"collection":[{"href":"http:\/\/koopconsulting.de\/index.php?rest_route=\/wp\/v2\/pages"}],"about":[{"href":"http:\/\/koopconsulting.de\/index.php?rest_route=\/wp\/v2\/types\/page"}],"author":[{"embeddable":true,"href":"http:\/\/koopconsulting.de\/index.php?rest_route=\/wp\/v2\/users\/1"}],"replies":[{"embeddable":true,"href":"http:\/\/koopconsulting.de\/index.php?rest_route=%2Fwp%2Fv2%2Fcomments&post=2"}],"version-history":[{"count":5,"href":"http:\/\/koopconsulting.de\/index.php?rest_route=\/wp\/v2\/pages\/2\/revisions"}],"predecessor-version":[{"id":57,"href":"http:\/\/koopconsulting.de\/index.php?rest_route=\/wp\/v2\/pages\/2\/revisions\/57"}],"wp:attachment":[{"href":"http:\/\/koopconsulting.de\/index.php?rest_route=%2Fwp%2Fv2%2Fmedia&parent=2"}],"curies":[{"name":"wp","href":"https:\/\/api.w.org\/{rel}","templated":true}]}}